{"id":759,"date":"2023-07-11T10:03:40","date_gmt":"2023-07-11T10:03:40","guid":{"rendered":"https:\/\/imaneo.hotpixel.es\/meciones-legales\/"},"modified":"2023-09-25T11:48:35","modified_gmt":"2023-09-25T11:48:35","slug":"meciones-legales","status":"publish","type":"page","link":"https:\/\/imaneo-data.inha.fr\/es\/meciones-legales\/","title":{"rendered":"Menciones Legales"},"content":{"rendered":"<article class=\"legal\">\n<h4>Editor<\/h4>\n<p>Este sitio web est\u00e1 publicado por InVisu, UAR 3103 del CNRS y el INHA.<br \/>\nProducci\u00f3n editorial<\/p>\n<p>InVisu, UAR 3103 del CNRS y el INHA.<\/p>\n<p>Juliette Hueber, Claudine Piaton y Bulle Tuil Leonetti<\/p>\n<h4>Director de la publicaci\u00f3n<\/h4>\n<p>\u00c9ric de Chassey, Director del Institut national d&#8217;histoire de l&#8217;art<br \/>\n(INHA).<\/p>\n<h4>Desarrollo, integraci\u00f3n, alojamiento y distribuci\u00f3n<\/h4>\n<p>El sitio web del proyecto Iman\u00e9o ha sido dise\u00f1ado por Santiago Mart\u00ednez.<\/p>\n<p>Funciona con <a href=\"https:\/\/wordpress.com\/fr\/\">WordPress<\/a>.<\/p>\n<p>Su alojamiento y mantenimiento corren a cargo del departamento inform\u00e1tico del <a href=\"https:\/\/www.inha.fr\/\">Institut national d&#8217;histoire de l&#8217;art (INHA)<\/a>.<\/p>\n<p>Funciona con la unidad <a href=\"https:\/\/invisu.cnrs.fr\/\">InVisu<\/a>.<\/p>\n<h4>Reutilizaci\u00f3n de contenidos<\/h4>\n<p>Salvo menci\u00f3n expl\u00edcita de la propiedad intelectual de terceros, el <strong>contenido textual<\/strong> de este sitio se ofrece bajo licencia <a href=\"https:\/\/creativecommons.org\/licenses\/by\/2.0\/fr\/\">Atribuci\u00f3n 2.0 Francia (CC-BY 2.0 FR)<\/a>.<\/p>\n<p>En cuanto a las licencias y condiciones de reutilizaci\u00f3n de los <strong>contenidos visuales<\/strong>, <strong>audiovisuales y sonoros<\/strong> publicados en el sitio, consulte las indicaciones de cada contenido.<\/p>\n<\/article>\n","protected":false},"excerpt":{"rendered":"<p>Editor Este sitio web est\u00e1 publicado por InVisu, UAR 3103 del CNRS y el INHA. Producci\u00f3n editorial InVisu, UAR 3103 del CNRS y el INHA. Juliette Hueber, Claudine Piaton y Bulle Tuil Leonetti Director de la publicaci\u00f3n \u00c9ric de Chassey, Director del Institut national d&#8217;histoire de l&#8217;art (INHA). Desarrollo, integraci\u00f3n, alojamiento y distribuci\u00f3n El sitio [&hellip;]<\/p>\n","protected":false},"author":1,"featured_media":0,"parent":0,"menu_order":0,"comment_status":"closed","ping_status":"closed","template":"","meta":{"footnotes":""},"class_list":["post-759","page","type-page","status-publish","hentry"],"acf":[],"_links":{"self":[{"href":"https:\/\/imaneo-data.inha.fr\/es\/wp-json\/wp\/v2\/pages\/759","targetHints":{"allow":["GET"]}}],"collection":[{"href":"https:\/\/imaneo-data.inha.fr\/es\/wp-json\/wp\/v2\/pages"}],"about":[{"href":"https:\/\/imaneo-data.inha.fr\/es\/wp-json\/wp\/v2\/types\/page"}],"author":[{"embeddable":true,"href":"https:\/\/imaneo-data.inha.fr\/es\/wp-json\/wp\/v2\/users\/1"}],"replies":[{"embeddable":true,"href":"https:\/\/imaneo-data.inha.fr\/es\/wp-json\/wp\/v2\/comments?post=759"}],"version-history":[{"count":5,"href":"https:\/\/imaneo-data.inha.fr\/es\/wp-json\/wp\/v2\/pages\/759\/revisions"}],"predecessor-version":[{"id":3351,"href":"https:\/\/imaneo-data.inha.fr\/es\/wp-json\/wp\/v2\/pages\/759\/revisions\/3351"}],"wp:attachment":[{"href":"https:\/\/imaneo-data.inha.fr\/es\/wp-json\/wp\/v2\/media?parent=759"}],"curies":[{"name":"wp","href":"https:\/\/api.w.org\/{rel}","templated":true}]}}