{"id":757,"date":"2023-07-11T10:03:38","date_gmt":"2023-07-11T10:03:38","guid":{"rendered":"https:\/\/imaneo.hotpixel.es\/creditos\/"},"modified":"2023-09-26T14:36:13","modified_gmt":"2023-09-26T14:36:13","slug":"credits","status":"publish","type":"page","link":"https:\/\/imaneo-data.inha.fr\/es\/credits\/","title":{"rendered":"Cr\u00e9ditos"},"content":{"rendered":"<h4 class=\"credits\">Traducci\u00f3n\/transcripci\u00f3n de entrevistas<\/h4>\n<ul>\n<li style=\"list-style-type: none;\">\n<ul>Clara Ilham \u00c1lvarez Dopico (ES), Anita Conrad (EN), Sandra Doucet (FR), Ouamar Fettis (KAB), Mohamed Hadjiat (AR), Juliette Hueber (FR), Kristina Lowis (DE), Claudine Piaton (FR), Chokri Touihri (AR), Bulle Tuil Leonetti (FR)<\/ul>\n<\/li>\n<\/ul>\n<article class=\"credits\">\n<h4>Dise\u00f1o gr\u00e1fico<\/h4>\n<ul>\n<li>Bahia Alecki, <a href=\"https:\/\/studiobingo.co\/\">Studio Bingo<\/a><\/li>\n<\/ul>\n<h4>Dise\u00f1o web<\/h4>\n<ul>\n<li>Benjamin Bartholet, <a href=\"https:\/\/trab.studio\">https:\/\/trab.studio<\/a><\/li>\n<li>Simon Bravard, <a href=\"https:\/\/simonbravard.fr\/\">https:\/\/simonbravard.fr\/<\/a><\/li>\n<\/ul>\n<h4>Agradacimientos:<\/h4>\n<p>al laboratorio InVisu : Manuel Charpy, Sandra Doucet, Philippe Hyvoz, Elisa Mounier, Pierre Mounier, Aur\u00e9lie Petiot, Quentin Regnier y Mercedes Volait<br \/>\nal Institut national d&#8217;histoire de l&#8217;art : Alix Basier, Mathilde des Bois,Thomas Caravia, Jean-Christophe Carius, Armand Delcros, Paul Kervegan, St\u00e9phane Kuzbyt y Gayan\u00e9 Rast-Klan<\/p>\n<p>a las instituciones que nos acogieron : Fran\u00e7ois L\u00e9vy, B\u00e9n\u00e9dicte Penn, Georges Rouch, Alain Silberstein, Desiree Benavides Baena y el equipo del ayuntamiento d&#8217;El Carpio, Leticia Mart\u00ednez y Mariano De la Orden, Archivo Hist\u00f3rico Ferroviario (Madrid)<\/p>\n<p>tambi\u00e9n a Maryse Bideault, Jacques Desbenoit, Julien Dorra, Jos\u00e9 Mar\u00eda Fernandez Hevia, R\u00e9mi Gauthier, Guillermo Koslowski, Alvaro Lopez, Nicolas Michel et los transe\u00fantes, residentes y usuarios de los edificios que tuvieron la amabilidad de responder a nuestras preguntas.<\/p>\n<\/article>\n","protected":false},"excerpt":{"rendered":"<p>Traducci\u00f3n\/transcripci\u00f3n de entrevistas Clara Ilham \u00c1lvarez Dopico (ES), Anita Conrad (EN), Sandra Doucet (FR), Ouamar Fettis (KAB), Mohamed Hadjiat (AR), Juliette Hueber (FR), Kristina Lowis (DE), Claudine Piaton (FR), Chokri Touihri (AR), Bulle Tuil Leonetti (FR) Dise\u00f1o gr\u00e1fico Bahia Alecki, Studio Bingo Dise\u00f1o web Benjamin Bartholet, https:\/\/trab.studio Simon Bravard, https:\/\/simonbravard.fr\/ Agradacimientos: al laboratorio InVisu : [&hellip;]<\/p>\n","protected":false},"author":1,"featured_media":0,"parent":0,"menu_order":0,"comment_status":"closed","ping_status":"closed","template":"","meta":{"footnotes":""},"class_list":["post-757","page","type-page","status-publish","hentry"],"acf":[],"_links":{"self":[{"href":"https:\/\/imaneo-data.inha.fr\/es\/wp-json\/wp\/v2\/pages\/757","targetHints":{"allow":["GET"]}}],"collection":[{"href":"https:\/\/imaneo-data.inha.fr\/es\/wp-json\/wp\/v2\/pages"}],"about":[{"href":"https:\/\/imaneo-data.inha.fr\/es\/wp-json\/wp\/v2\/types\/page"}],"author":[{"embeddable":true,"href":"https:\/\/imaneo-data.inha.fr\/es\/wp-json\/wp\/v2\/users\/1"}],"replies":[{"embeddable":true,"href":"https:\/\/imaneo-data.inha.fr\/es\/wp-json\/wp\/v2\/comments?post=757"}],"version-history":[{"count":6,"href":"https:\/\/imaneo-data.inha.fr\/es\/wp-json\/wp\/v2\/pages\/757\/revisions"}],"predecessor-version":[{"id":3411,"href":"https:\/\/imaneo-data.inha.fr\/es\/wp-json\/wp\/v2\/pages\/757\/revisions\/3411"}],"wp:attachment":[{"href":"https:\/\/imaneo-data.inha.fr\/es\/wp-json\/wp\/v2\/media?parent=757"}],"curies":[{"name":"wp","href":"https:\/\/api.w.org\/{rel}","templated":true}]}}