{"id":756,"date":"2023-07-11T10:03:38","date_gmt":"2023-07-11T10:03:38","guid":{"rendered":"https:\/\/imaneo.hotpixel.es\/credits\/"},"modified":"2023-09-21T11:54:41","modified_gmt":"2023-09-21T11:54:41","slug":"credits","status":"publish","type":"page","link":"https:\/\/imaneo-data.inha.fr\/en\/credits\/","title":{"rendered":"Credits"},"content":{"rendered":"<h4 class=\"credits\">Translation\/transcription of interviews<\/h4>\n<ul>\n<li style=\"list-style-type: none;\">\n<ul>Clara Ilham \u00c1lvarez Dopico (ES), Anita Conrad (EN), Sandra Doucet (FR), Ouamar Fettis (KAB), Mohamed Hadjiat (AR), Juliette Hueber (FR), Kristina Lowis (DE), Claudine Piaton (FR), Chokri Touihri (AR), Bulle Tuil Leonetti (FR)<\/ul>\n<\/li>\n<\/ul>\n<article class=\"credits\">\n<h4>Graphic Design<\/h4>\n<ul>\n<li>Bahia Alecki, <a href=\"https:\/\/studiobingo.co\/\">Studio Bingo<\/a><\/li>\n<\/ul>\n<h4>Webdesign<\/h4>\n<ul>\n<li>Benjamin Bartholet, <a href=\"https:\/\/trab.studio\">https:\/\/trab.studio<\/a><\/li>\n<li>Simon Bravard, <a href=\"https:\/\/simonbravard.fr\/\">https:\/\/simonbravard.fr\/<\/a><\/li>\n<\/ul>\n<h4>Thanks to:<\/h4>\n<p>at InVisu Research Unit : Manuel Charpy, Sandra Doucet, Philippe Hyvoz, Elisa Mounier, Pierre Mounier, Aur\u00e9lie Petiot, Quentin Regnier and Mercedes Volait<br \/>\nat the Institut national d&#8217;histoire de l&#8217;art : Alix Basier, Mathilde des Bois, Thomas Caravia, Jean-Christophe Carius, Armand Delcros, Paul Kervegan, St\u00e9phane Kuzbyt, Gayan\u00e9 Rast-Klan<br \/>\nthe people and institutions who kindly received us and made their documentation available to us : Fran\u00e7ois L\u00e9vy, B\u00e9n\u00e9dicte Penn, Georges Rouch, Alain Silberstein, Desiree Benavides Baena and her team at El Carpio city hall, Leticia Mart\u00ednez and Mariano De la Orden at the Archivo Hist\u00f3rico Ferroviario (Madrid)<\/p>\n<p>Maryse Bideault, Jacques Desbenoit, Julien Dorra, Jos\u00e9 Mar\u00eda Fernandez Hevia, R\u00e9mi Gauthier, Guillermo Koslowski, Alvaro Lopez, Nicolas Michel and the passers-by, residents and users of the buildings who were kind enough to answer our questions.<\/p>\n<\/article>\n","protected":false},"excerpt":{"rendered":"<p>Translation\/transcription of interviews Clara Ilham \u00c1lvarez Dopico (ES), Anita Conrad (EN), Sandra Doucet (FR), Ouamar Fettis (KAB), Mohamed Hadjiat (AR), Juliette Hueber (FR), Kristina Lowis (DE), Claudine Piaton (FR), Chokri Touihri (AR), Bulle Tuil Leonetti (FR) Graphic Design Bahia Alecki, Studio Bingo Webdesign Benjamin Bartholet, https:\/\/trab.studio Simon Bravard, https:\/\/simonbravard.fr\/ Thanks to: at InVisu Research Unit [&hellip;]<\/p>\n","protected":false},"author":1,"featured_media":0,"parent":0,"menu_order":0,"comment_status":"closed","ping_status":"closed","template":"","meta":{"footnotes":""},"class_list":["post-756","page","type-page","status-publish","hentry"],"acf":[],"_links":{"self":[{"href":"https:\/\/imaneo-data.inha.fr\/en\/wp-json\/wp\/v2\/pages\/756","targetHints":{"allow":["GET"]}}],"collection":[{"href":"https:\/\/imaneo-data.inha.fr\/en\/wp-json\/wp\/v2\/pages"}],"about":[{"href":"https:\/\/imaneo-data.inha.fr\/en\/wp-json\/wp\/v2\/types\/page"}],"author":[{"embeddable":true,"href":"https:\/\/imaneo-data.inha.fr\/en\/wp-json\/wp\/v2\/users\/1"}],"replies":[{"embeddable":true,"href":"https:\/\/imaneo-data.inha.fr\/en\/wp-json\/wp\/v2\/comments?post=756"}],"version-history":[{"count":1,"href":"https:\/\/imaneo-data.inha.fr\/en\/wp-json\/wp\/v2\/pages\/756\/revisions"}],"predecessor-version":[{"id":3267,"href":"https:\/\/imaneo-data.inha.fr\/en\/wp-json\/wp\/v2\/pages\/756\/revisions\/3267"}],"wp:attachment":[{"href":"https:\/\/imaneo-data.inha.fr\/en\/wp-json\/wp\/v2\/media?parent=756"}],"curies":[{"name":"wp","href":"https:\/\/api.w.org\/{rel}","templated":true}]}}